{"id":2079,"date":"2019-12-23T19:18:55","date_gmt":"2019-12-23T18:18:55","guid":{"rendered":"https:\/\/www.urbinavinos.com\/communication\/"},"modified":"2019-12-23T19:33:06","modified_gmt":"2019-12-23T18:33:06","slug":"communication","status":"publish","type":"page","link":"https:\/\/www.urbinavinos.com\/en\/communication\/","title":{"rendered":"Communication"},"content":{"rendered":"\n<div class=\"wp-block-columns is-layout-flex wp-container-core-columns-is-layout-9d6595d7 wp-block-columns-is-layout-flex\">\n<div class=\"wp-block-column is-layout-flow wp-block-column-is-layout-flow\" style=\"flex-basis:25%\"><\/div>\n\n\n\n<div class=\"wp-block-column is-layout-flow wp-block-column-is-layout-flow\" style=\"flex-basis:50.01%\"><h3 style=\"text-align: center;\">Elegant and complex wines with excellent value for money.<\/h3>\n\n\n<p>Bodegas URBINA exports 80% of its production, where the classic style of fine wines from Rioja is recognized.<\/p>\n\n\n\n<p>The largest sales volume is made in Canada, Norway, United Kingdom, Germany, Poland, Singapore, Ukraine, Australia, China and the United States, there our wines are compared with large Burgundy wines in wine bars and international restaurants, due to their complexity and Elegance and its excellent quality \/ price ratio.<\/p>\n\n\n\n<p>Bodegas Urbina also markets its wines in the cellardoor at the winery, through direct home sales or National distribution.<\/p>\n\n\n\n<p class=\"has-text-align-center\"><a href=\"http:\/\/urbina.piesnegros.com\/comercializacion-bodegas-urbina\/comercializacion-bodegas-urbina\/\" target=\"_self\" class=\"fy-button fy-button-micro fy-button-accent\">ZONA IMPORTADORES \/ DISTRIBUIDORES<\/a>\n<\/div>\n\n\n\n<div class=\"wp-block-column is-layout-flow wp-block-column-is-layout-flow\" style=\"flex-basis:25%\"><\/div>\n<\/div>\n<div class=\"fy-shortcode-divider fy-divider fy-divider-dotted fy-divider-color-accent\"><\/div>\n<div class=\"fy-shortcode-container fy-flex-container fy-flex-container-top fy-flex-gutter-medium\">\n<div class=\"fy-shortcode-column fy-flex-column-25 fy-flex-column-tablet-50 fy-flex-column-phone-100\">\n<figure class=\"fy-page-image fy-page-image-0 fy-align-none\"><img decoding=\"async\" class=\"fy-image fy-image-responsive\" src=\"http:\/\/urbina.piesnegros.com\/wp-content\/uploads\/2019\/11\/1-1.jpg\" alt=\"Vi\u00f1edos de URBINA en Cuzcurrita del R\u00edo Tir\u00f3n\"><figcaption class=\"fy-page-image-caption screen-reader-text\">Vi\u00f1edos de URBINA en Cuzcurrita del R\u00edo Tir\u00f3n<\/figcaption><\/figure>\n<\/div>\n<div class=\"fy-shortcode-column fy-flex-column-25 fy-flex-column-tablet-50 fy-flex-column-phone-100\">\n<figure class=\"fy-page-image fy-page-image-0 fy-align-none\"><img decoding=\"async\" class=\"fy-image fy-image-responsive\" src=\"http:\/\/urbina.piesnegros.com\/wp-content\/uploads\/2019\/11\/32-Bodegas-Urbina-Rioja-Descubado-Prensado.png\" alt=\"Descubado\"><figcaption class=\"fy-page-image-caption screen-reader-text\">Descubado<\/figcaption><\/figure>\n<\/div>\n<div class=\"fy-shortcode-column fy-flex-column-25 fy-flex-column-tablet-50 fy-flex-column-phone-100\">\n<figure class=\"fy-page-image fy-page-image-0 fy-align-none\"><img decoding=\"async\" class=\"fy-image fy-image-responsive\" src=\"http:\/\/urbina.piesnegros.com\/wp-content\/uploads\/2019\/11\/15-Bodegas-Urbina-Rioja-Prensa-Vertical.jpg\" alt=\"Prensado Vertical\"><figcaption class=\"fy-page-image-caption screen-reader-text\">Prensado Vertical<\/figcaption><\/figure>\n<\/div>\n<div class=\"fy-shortcode-column fy-flex-column-25 fy-flex-column-tablet-50 fy-flex-column-phone-100\">\n<figure class=\"fy-page-image fy-page-image-0 fy-align-none\"><img decoding=\"async\" class=\"fy-image fy-image-responsive\" src=\"http:\/\/urbina.piesnegros.com\/wp-content\/uploads\/2019\/11\/13-Bodegas-Urbina-Rioja-Prensa-Vertical.jpg\" alt=\"Prensa vertical\"><figcaption class=\"fy-page-image-caption screen-reader-text\">Prensa vertical<\/figcaption><\/figure>\n<\/div>\n<div class=\"fy-shortcode-column fy-flex-column-100 fy-flex-column-tablet-100 fy-flex-column-phone-100\">\n<figure class=\"fy-page-image fy-page-image-0 fy-align-none\"><img decoding=\"async\" class=\"fy-image fy-image-responsive\" src=\"http:\/\/urbina.piesnegros.com\/wp-content\/uploads\/2019\/11\/visita-a-bodegas-en-la-rioja.jpg\" alt=\"Interior bodegas\"><figcaption class=\"fy-page-image-caption screen-reader-text\">Interior bodegas<\/figcaption><\/figure>\n<\/div>\n<\/div>\n","protected":false},"excerpt":{"rendered":"<p>Elegant and complex wines with excellent value for money. Bodegas URBINA exports 80% of its production, where the classic style of fine wines from Rioja is recognized. The largest sales &#8230;<\/p>\n","protected":false},"author":1,"featured_media":0,"parent":0,"menu_order":5,"comment_status":"closed","ping_status":"closed","template":"template-page-100.php","meta":{"footnotes":""},"class_list":["post-2079","page","type-page","status-publish","hentry"],"yoast_head":"<!-- This site is optimized with the Yoast SEO plugin v26.9 - https:\/\/yoast.com\/product\/yoast-seo-wordpress\/ -->\n<title>Communication - Bodegas Urbina<\/title>\n<meta name=\"robots\" content=\"index, follow, max-snippet:-1, max-image-preview:large, max-video-preview:-1\" \/>\n<link rel=\"canonical\" href=\"https:\/\/www.urbinavinos.com\/en\/communication\/\" \/>\n<meta property=\"og:locale\" content=\"en_US\" \/>\n<meta property=\"og:type\" content=\"article\" \/>\n<meta property=\"og:title\" content=\"Communication - Bodegas Urbina\" \/>\n<meta property=\"og:description\" content=\"Elegant and complex wines with excellent value for money. Bodegas URBINA exports 80% of its production, where the classic style of fine wines from Rioja is recognized. The largest sales ...\" \/>\n<meta property=\"og:url\" content=\"https:\/\/www.urbinavinos.com\/en\/communication\/\" \/>\n<meta property=\"og:site_name\" content=\"Bodegas Urbina\" \/>\n<meta property=\"article:publisher\" content=\"https:\/\/www.facebook.com\/BODEGAS.URBINA\" \/>\n<meta property=\"article:modified_time\" content=\"2019-12-23T18:33:06+00:00\" \/>\n<meta property=\"og:image\" content=\"https:\/\/www.urbinavinos.com\/wp-content\/uploads\/2019\/12\/urbina.png\" \/>\n\t<meta property=\"og:image:width\" content=\"492\" \/>\n\t<meta property=\"og:image:height\" content=\"75\" \/>\n\t<meta property=\"og:image:type\" content=\"image\/png\" \/>\n<meta name=\"twitter:card\" content=\"summary_large_image\" \/>\n<meta name=\"twitter:site\" content=\"@BodegasURBINA\" \/>\n<meta name=\"twitter:label1\" content=\"Est. reading time\" \/>\n\t<meta name=\"twitter:data1\" content=\"1 minute\" \/>\n<script type=\"application\/ld+json\" class=\"yoast-schema-graph\">{\"@context\":\"https:\/\/schema.org\",\"@graph\":[{\"@type\":\"WebPage\",\"@id\":\"https:\/\/www.urbinavinos.com\/en\/communication\/\",\"url\":\"https:\/\/www.urbinavinos.com\/en\/communication\/\",\"name\":\"Communication - Bodegas Urbina\",\"isPartOf\":{\"@id\":\"https:\/\/www.urbinavinos.com\/en\/#website\"},\"datePublished\":\"2019-12-23T18:18:55+00:00\",\"dateModified\":\"2019-12-23T18:33:06+00:00\",\"breadcrumb\":{\"@id\":\"https:\/\/www.urbinavinos.com\/en\/communication\/#breadcrumb\"},\"inLanguage\":\"en-US\",\"potentialAction\":[{\"@type\":\"ReadAction\",\"target\":[\"https:\/\/www.urbinavinos.com\/en\/communication\/\"]}]},{\"@type\":\"BreadcrumbList\",\"@id\":\"https:\/\/www.urbinavinos.com\/en\/communication\/#breadcrumb\",\"itemListElement\":[{\"@type\":\"ListItem\",\"position\":1,\"name\":\"Portada\",\"item\":\"https:\/\/www.urbinavinos.com\/en\/\"},{\"@type\":\"ListItem\",\"position\":2,\"name\":\"Communication\"}]},{\"@type\":\"WebSite\",\"@id\":\"https:\/\/www.urbinavinos.com\/en\/#website\",\"url\":\"https:\/\/www.urbinavinos.com\/en\/\",\"name\":\"Bodegas Urbina\",\"description\":\"Vinos con D.O.C. Rioja\",\"publisher\":{\"@id\":\"https:\/\/www.urbinavinos.com\/en\/#organization\"},\"potentialAction\":[{\"@type\":\"SearchAction\",\"target\":{\"@type\":\"EntryPoint\",\"urlTemplate\":\"https:\/\/www.urbinavinos.com\/en\/?s={search_term_string}\"},\"query-input\":{\"@type\":\"PropertyValueSpecification\",\"valueRequired\":true,\"valueName\":\"search_term_string\"}}],\"inLanguage\":\"en-US\"},{\"@type\":\"Organization\",\"@id\":\"https:\/\/www.urbinavinos.com\/en\/#organization\",\"name\":\"Bodegas Urbina\",\"url\":\"https:\/\/www.urbinavinos.com\/en\/\",\"logo\":{\"@type\":\"ImageObject\",\"inLanguage\":\"en-US\",\"@id\":\"https:\/\/www.urbinavinos.com\/en\/#\/schema\/logo\/image\/\",\"url\":\"https:\/\/www.urbinavinos.com\/wp-content\/uploads\/2019\/12\/urbina.png\",\"contentUrl\":\"https:\/\/www.urbinavinos.com\/wp-content\/uploads\/2019\/12\/urbina.png\",\"width\":492,\"height\":75,\"caption\":\"Bodegas Urbina\"},\"image\":{\"@id\":\"https:\/\/www.urbinavinos.com\/en\/#\/schema\/logo\/image\/\"},\"sameAs\":[\"https:\/\/www.facebook.com\/BODEGAS.URBINA\",\"https:\/\/x.com\/BodegasURBINA\",\"https:\/\/www.instagram.com\/urbinavinos\/\",\"https:\/\/www.youtube.com\/channel\/UC9YCxkh6a9EMPHTfYCsHLlw\"]}]}<\/script>\n<!-- \/ Yoast SEO plugin. -->","yoast_head_json":{"title":"Communication - Bodegas Urbina","robots":{"index":"index","follow":"follow","max-snippet":"max-snippet:-1","max-image-preview":"max-image-preview:large","max-video-preview":"max-video-preview:-1"},"canonical":"https:\/\/www.urbinavinos.com\/en\/communication\/","og_locale":"en_US","og_type":"article","og_title":"Communication - Bodegas Urbina","og_description":"Elegant and complex wines with excellent value for money. Bodegas URBINA exports 80% of its production, where the classic style of fine wines from Rioja is recognized. The largest sales ...","og_url":"https:\/\/www.urbinavinos.com\/en\/communication\/","og_site_name":"Bodegas Urbina","article_publisher":"https:\/\/www.facebook.com\/BODEGAS.URBINA","article_modified_time":"2019-12-23T18:33:06+00:00","og_image":[{"width":492,"height":75,"url":"https:\/\/www.urbinavinos.com\/wp-content\/uploads\/2019\/12\/urbina.png","type":"image\/png"}],"twitter_card":"summary_large_image","twitter_site":"@BodegasURBINA","twitter_misc":{"Est. reading time":"1 minute"},"schema":{"@context":"https:\/\/schema.org","@graph":[{"@type":"WebPage","@id":"https:\/\/www.urbinavinos.com\/en\/communication\/","url":"https:\/\/www.urbinavinos.com\/en\/communication\/","name":"Communication - Bodegas Urbina","isPartOf":{"@id":"https:\/\/www.urbinavinos.com\/en\/#website"},"datePublished":"2019-12-23T18:18:55+00:00","dateModified":"2019-12-23T18:33:06+00:00","breadcrumb":{"@id":"https:\/\/www.urbinavinos.com\/en\/communication\/#breadcrumb"},"inLanguage":"en-US","potentialAction":[{"@type":"ReadAction","target":["https:\/\/www.urbinavinos.com\/en\/communication\/"]}]},{"@type":"BreadcrumbList","@id":"https:\/\/www.urbinavinos.com\/en\/communication\/#breadcrumb","itemListElement":[{"@type":"ListItem","position":1,"name":"Portada","item":"https:\/\/www.urbinavinos.com\/en\/"},{"@type":"ListItem","position":2,"name":"Communication"}]},{"@type":"WebSite","@id":"https:\/\/www.urbinavinos.com\/en\/#website","url":"https:\/\/www.urbinavinos.com\/en\/","name":"Bodegas Urbina","description":"Vinos con D.O.C. Rioja","publisher":{"@id":"https:\/\/www.urbinavinos.com\/en\/#organization"},"potentialAction":[{"@type":"SearchAction","target":{"@type":"EntryPoint","urlTemplate":"https:\/\/www.urbinavinos.com\/en\/?s={search_term_string}"},"query-input":{"@type":"PropertyValueSpecification","valueRequired":true,"valueName":"search_term_string"}}],"inLanguage":"en-US"},{"@type":"Organization","@id":"https:\/\/www.urbinavinos.com\/en\/#organization","name":"Bodegas Urbina","url":"https:\/\/www.urbinavinos.com\/en\/","logo":{"@type":"ImageObject","inLanguage":"en-US","@id":"https:\/\/www.urbinavinos.com\/en\/#\/schema\/logo\/image\/","url":"https:\/\/www.urbinavinos.com\/wp-content\/uploads\/2019\/12\/urbina.png","contentUrl":"https:\/\/www.urbinavinos.com\/wp-content\/uploads\/2019\/12\/urbina.png","width":492,"height":75,"caption":"Bodegas Urbina"},"image":{"@id":"https:\/\/www.urbinavinos.com\/en\/#\/schema\/logo\/image\/"},"sameAs":["https:\/\/www.facebook.com\/BODEGAS.URBINA","https:\/\/x.com\/BodegasURBINA","https:\/\/www.instagram.com\/urbinavinos\/","https:\/\/www.youtube.com\/channel\/UC9YCxkh6a9EMPHTfYCsHLlw"]}]}},"jetpack_sharing_enabled":true,"_links":{"self":[{"href":"https:\/\/www.urbinavinos.com\/en\/wp-json\/wp\/v2\/pages\/2079","targetHints":{"allow":["GET"]}}],"collection":[{"href":"https:\/\/www.urbinavinos.com\/en\/wp-json\/wp\/v2\/pages"}],"about":[{"href":"https:\/\/www.urbinavinos.com\/en\/wp-json\/wp\/v2\/types\/page"}],"author":[{"embeddable":true,"href":"https:\/\/www.urbinavinos.com\/en\/wp-json\/wp\/v2\/users\/1"}],"replies":[{"embeddable":true,"href":"https:\/\/www.urbinavinos.com\/en\/wp-json\/wp\/v2\/comments?post=2079"}],"version-history":[{"count":5,"href":"https:\/\/www.urbinavinos.com\/en\/wp-json\/wp\/v2\/pages\/2079\/revisions"}],"predecessor-version":[{"id":2087,"href":"https:\/\/www.urbinavinos.com\/en\/wp-json\/wp\/v2\/pages\/2079\/revisions\/2087"}],"wp:attachment":[{"href":"https:\/\/www.urbinavinos.com\/en\/wp-json\/wp\/v2\/media?parent=2079"}],"curies":[{"name":"wp","href":"https:\/\/api.w.org\/{rel}","templated":true}]}}