{"id":1078,"date":"2018-04-11T12:11:39","date_gmt":"2018-04-11T10:11:39","guid":{"rendered":"http:\/\/urbina.piesnegros.com\/vino\/urbina-reserva-especial-2001-2004-4\/"},"modified":"2026-02-08T15:56:58","modified_gmt":"2026-02-08T14:56:58","slug":"urbina-reserva-especial-2001-2004-4","status":"publish","type":"product","link":"https:\/\/www.urbinavinos.com\/en\/comprarvinos\/urbina-reserva-especial-2001-2004-4\/","title":{"rendered":"12 x URBINA RESERVA ESPECIAL 2006 BODEGA RIOJA"},"content":{"rendered":"<p><strong><strong>Caja de 12 botellas de Bodegas Urbina Reserva 2006. Vino elaborado a partir de la selecci\u00f3n de uvas<\/strong> Tempranillo<\/strong>. Este vino procede de las mejores uvas, procedentes de vi\u00f1edos con m\u00e1s de 20 a\u00f1os de antig\u00fcedad. Permanece dos a\u00f1os en barrica de roble franc\u00e9s y americano y aproximadamente dos a\u00f1os en la botella. Color oscuro. Nariz de intensidad media, de gran finura donde aparece la fruta negra ensamblada a la perfecci\u00f3n con la madera de roble. Muy redondo sin ninguna arista, la expresi\u00f3n m\u00e1xima de la armon\u00eda y el equilibrio. Este vino tambi\u00e9n marida muy bien con todo tipo de comidas y momentos del d\u00eda. El prescriptor y gur\u00fa del vino m\u00e1s famoso del mundo Robert Parker le otorg\u00f3 91 puntos.<\/p>\n","protected":false},"excerpt":{"rendered":"<p><strong><strong>Vino elaborado a partir de la selecci\u00f3n de uvas<\/strong> Tempranillo<\/strong>. Este vino procede de las mejores uvas, procedentes de&#8230;<\/p>\n","protected":false},"featured_media":4677,"comment_status":"open","ping_status":"closed","template":"","meta":[],"product_brand":[],"product_cat":[138,128,134,127,126,143],"product_tag":[160,158,157,161,155,156,159,154],"class_list":{"0":"post-1078","1":"product","2":"type-product","3":"status-publish","4":"has-post-thumbnail","6":"product_cat-comprar-vino-del-2006","7":"product_cat-anadas-home","8":"product_cat-12-botellas-cajas-y-estuches-home","9":"product_cat-cajas-y-estuches-home","10":"product_cat-carta-de-vinos-home","11":"product_cat-reserva-carta-de-vinos-home","12":"product_tag-doca","13":"product_tag-especial","14":"product_tag-online","15":"product_tag-reserva","16":"product_tag-rioja","17":"product_tag-tienda","18":"product_tag-urbina","19":"product_tag-vino","21":"first","22":"instock","23":"shipping-taxable","24":"purchasable","25":"product-type-simple"},"yoast_head":"<!-- This site is optimized with the Yoast SEO plugin v26.9 - https:\/\/yoast.com\/product\/yoast-seo-wordpress\/ -->\n<title>12 x URBINA RESERVA ESPECIAL 2006 BODEGA RIOJA - Bodegas Urbina<\/title>\n<meta name=\"robots\" content=\"index, follow, max-snippet:-1, max-image-preview:large, max-video-preview:-1\" \/>\n<link rel=\"canonical\" href=\"https:\/\/www.urbinavinos.com\/en\/comprarvinos\/urbina-reserva-especial-2001-2004-4\/\" \/>\n<meta property=\"og:locale\" content=\"en_US\" \/>\n<meta property=\"og:type\" content=\"article\" \/>\n<meta property=\"og:title\" content=\"12 x URBINA RESERVA ESPECIAL 2006 BODEGA RIOJA - Bodegas Urbina\" \/>\n<meta property=\"og:description\" content=\"Vino elaborado a partir de la selecci\u00f3n de uvas Tempranillo. Este vino procede de las mejores uvas, procedentes de...\" \/>\n<meta property=\"og:url\" content=\"https:\/\/www.urbinavinos.com\/en\/comprarvinos\/urbina-reserva-especial-2001-2004-4\/\" \/>\n<meta property=\"og:site_name\" content=\"Bodegas Urbina\" \/>\n<meta property=\"article:publisher\" content=\"https:\/\/www.facebook.com\/BODEGAS.URBINA\" \/>\n<meta property=\"article:modified_time\" content=\"2026-02-08T14:56:58+00:00\" \/>\n<meta property=\"og:image\" content=\"https:\/\/www.urbinavinos.com\/wp-content\/uploads\/2018\/04\/x12-Botella-Urbina-Reserva-2006.jpg\" \/>\n\t<meta property=\"og:image:width\" content=\"1000\" \/>\n\t<meta property=\"og:image:height\" content=\"2000\" \/>\n\t<meta property=\"og:image:type\" content=\"image\/jpeg\" \/>\n<meta name=\"twitter:card\" content=\"summary_large_image\" \/>\n<meta name=\"twitter:site\" content=\"@BodegasURBINA\" \/>\n<meta name=\"twitter:label1\" content=\"Est. reading time\" \/>\n\t<meta name=\"twitter:data1\" content=\"1 minute\" \/>\n<script type=\"application\/ld+json\" class=\"yoast-schema-graph\">{\"@context\":\"https:\/\/schema.org\",\"@graph\":[{\"@type\":\"WebPage\",\"@id\":\"https:\/\/www.urbinavinos.com\/en\/comprarvinos\/urbina-reserva-especial-2001-2004-4\/\",\"url\":\"https:\/\/www.urbinavinos.com\/en\/comprarvinos\/urbina-reserva-especial-2001-2004-4\/\",\"name\":\"12 x URBINA RESERVA ESPECIAL 2006 BODEGA RIOJA - Bodegas Urbina\",\"isPartOf\":{\"@id\":\"https:\/\/www.urbinavinos.com\/en\/#website\"},\"primaryImageOfPage\":{\"@id\":\"https:\/\/www.urbinavinos.com\/en\/comprarvinos\/urbina-reserva-especial-2001-2004-4\/#primaryimage\"},\"image\":{\"@id\":\"https:\/\/www.urbinavinos.com\/en\/comprarvinos\/urbina-reserva-especial-2001-2004-4\/#primaryimage\"},\"thumbnailUrl\":\"https:\/\/www.urbinavinos.com\/wp-content\/uploads\/2018\/04\/x12-Botella-Urbina-Reserva-2006.jpg\",\"datePublished\":\"2018-04-11T10:11:39+00:00\",\"dateModified\":\"2026-02-08T14:56:58+00:00\",\"breadcrumb\":{\"@id\":\"https:\/\/www.urbinavinos.com\/en\/comprarvinos\/urbina-reserva-especial-2001-2004-4\/#breadcrumb\"},\"inLanguage\":\"en-US\",\"potentialAction\":[{\"@type\":\"ReadAction\",\"target\":[\"https:\/\/www.urbinavinos.com\/en\/comprarvinos\/urbina-reserva-especial-2001-2004-4\/\"]}]},{\"@type\":\"ImageObject\",\"inLanguage\":\"en-US\",\"@id\":\"https:\/\/www.urbinavinos.com\/en\/comprarvinos\/urbina-reserva-especial-2001-2004-4\/#primaryimage\",\"url\":\"https:\/\/www.urbinavinos.com\/wp-content\/uploads\/2018\/04\/x12-Botella-Urbina-Reserva-2006.jpg\",\"contentUrl\":\"https:\/\/www.urbinavinos.com\/wp-content\/uploads\/2018\/04\/x12-Botella-Urbina-Reserva-2006.jpg\",\"width\":1000,\"height\":2000,\"caption\":\"Created with GIMP\"},{\"@type\":\"BreadcrumbList\",\"@id\":\"https:\/\/www.urbinavinos.com\/en\/comprarvinos\/urbina-reserva-especial-2001-2004-4\/#breadcrumb\",\"itemListElement\":[{\"@type\":\"ListItem\",\"position\":1,\"name\":\"Portada\",\"item\":\"https:\/\/www.urbinavinos.com\/en\/\"},{\"@type\":\"ListItem\",\"position\":2,\"name\":\"Shop\",\"item\":\"https:\/\/www.urbinavinos.com\/en\/shop\/\"},{\"@type\":\"ListItem\",\"position\":3,\"name\":\"12 x URBINA RESERVA ESPECIAL 2006 BODEGA RIOJA\"}]},{\"@type\":\"WebSite\",\"@id\":\"https:\/\/www.urbinavinos.com\/en\/#website\",\"url\":\"https:\/\/www.urbinavinos.com\/en\/\",\"name\":\"Bodegas Urbina\",\"description\":\"Vinos con D.O.C. Rioja\",\"publisher\":{\"@id\":\"https:\/\/www.urbinavinos.com\/en\/#organization\"},\"potentialAction\":[{\"@type\":\"SearchAction\",\"target\":{\"@type\":\"EntryPoint\",\"urlTemplate\":\"https:\/\/www.urbinavinos.com\/en\/?s={search_term_string}\"},\"query-input\":{\"@type\":\"PropertyValueSpecification\",\"valueRequired\":true,\"valueName\":\"search_term_string\"}}],\"inLanguage\":\"en-US\"},{\"@type\":\"Organization\",\"@id\":\"https:\/\/www.urbinavinos.com\/en\/#organization\",\"name\":\"Bodegas Urbina\",\"url\":\"https:\/\/www.urbinavinos.com\/en\/\",\"logo\":{\"@type\":\"ImageObject\",\"inLanguage\":\"en-US\",\"@id\":\"https:\/\/www.urbinavinos.com\/en\/#\/schema\/logo\/image\/\",\"url\":\"https:\/\/www.urbinavinos.com\/wp-content\/uploads\/2019\/12\/urbina.png\",\"contentUrl\":\"https:\/\/www.urbinavinos.com\/wp-content\/uploads\/2019\/12\/urbina.png\",\"width\":492,\"height\":75,\"caption\":\"Bodegas Urbina\"},\"image\":{\"@id\":\"https:\/\/www.urbinavinos.com\/en\/#\/schema\/logo\/image\/\"},\"sameAs\":[\"https:\/\/www.facebook.com\/BODEGAS.URBINA\",\"https:\/\/x.com\/BodegasURBINA\",\"https:\/\/www.instagram.com\/urbinavinos\/\",\"https:\/\/www.youtube.com\/channel\/UC9YCxkh6a9EMPHTfYCsHLlw\"]}]}<\/script>\n<!-- \/ Yoast SEO plugin. -->","yoast_head_json":{"title":"12 x URBINA RESERVA ESPECIAL 2006 BODEGA RIOJA - Bodegas Urbina","robots":{"index":"index","follow":"follow","max-snippet":"max-snippet:-1","max-image-preview":"max-image-preview:large","max-video-preview":"max-video-preview:-1"},"canonical":"https:\/\/www.urbinavinos.com\/en\/comprarvinos\/urbina-reserva-especial-2001-2004-4\/","og_locale":"en_US","og_type":"article","og_title":"12 x URBINA RESERVA ESPECIAL 2006 BODEGA RIOJA - Bodegas Urbina","og_description":"Vino elaborado a partir de la selecci\u00f3n de uvas Tempranillo. Este vino procede de las mejores uvas, procedentes de...","og_url":"https:\/\/www.urbinavinos.com\/en\/comprarvinos\/urbina-reserva-especial-2001-2004-4\/","og_site_name":"Bodegas Urbina","article_publisher":"https:\/\/www.facebook.com\/BODEGAS.URBINA","article_modified_time":"2026-02-08T14:56:58+00:00","og_image":[{"width":1000,"height":2000,"url":"https:\/\/www.urbinavinos.com\/wp-content\/uploads\/2018\/04\/x12-Botella-Urbina-Reserva-2006.jpg","type":"image\/jpeg"}],"twitter_card":"summary_large_image","twitter_site":"@BodegasURBINA","twitter_misc":{"Est. reading time":"1 minute"},"schema":{"@context":"https:\/\/schema.org","@graph":[{"@type":"WebPage","@id":"https:\/\/www.urbinavinos.com\/en\/comprarvinos\/urbina-reserva-especial-2001-2004-4\/","url":"https:\/\/www.urbinavinos.com\/en\/comprarvinos\/urbina-reserva-especial-2001-2004-4\/","name":"12 x URBINA RESERVA ESPECIAL 2006 BODEGA RIOJA - Bodegas Urbina","isPartOf":{"@id":"https:\/\/www.urbinavinos.com\/en\/#website"},"primaryImageOfPage":{"@id":"https:\/\/www.urbinavinos.com\/en\/comprarvinos\/urbina-reserva-especial-2001-2004-4\/#primaryimage"},"image":{"@id":"https:\/\/www.urbinavinos.com\/en\/comprarvinos\/urbina-reserva-especial-2001-2004-4\/#primaryimage"},"thumbnailUrl":"https:\/\/www.urbinavinos.com\/wp-content\/uploads\/2018\/04\/x12-Botella-Urbina-Reserva-2006.jpg","datePublished":"2018-04-11T10:11:39+00:00","dateModified":"2026-02-08T14:56:58+00:00","breadcrumb":{"@id":"https:\/\/www.urbinavinos.com\/en\/comprarvinos\/urbina-reserva-especial-2001-2004-4\/#breadcrumb"},"inLanguage":"en-US","potentialAction":[{"@type":"ReadAction","target":["https:\/\/www.urbinavinos.com\/en\/comprarvinos\/urbina-reserva-especial-2001-2004-4\/"]}]},{"@type":"ImageObject","inLanguage":"en-US","@id":"https:\/\/www.urbinavinos.com\/en\/comprarvinos\/urbina-reserva-especial-2001-2004-4\/#primaryimage","url":"https:\/\/www.urbinavinos.com\/wp-content\/uploads\/2018\/04\/x12-Botella-Urbina-Reserva-2006.jpg","contentUrl":"https:\/\/www.urbinavinos.com\/wp-content\/uploads\/2018\/04\/x12-Botella-Urbina-Reserva-2006.jpg","width":1000,"height":2000,"caption":"Created with GIMP"},{"@type":"BreadcrumbList","@id":"https:\/\/www.urbinavinos.com\/en\/comprarvinos\/urbina-reserva-especial-2001-2004-4\/#breadcrumb","itemListElement":[{"@type":"ListItem","position":1,"name":"Portada","item":"https:\/\/www.urbinavinos.com\/en\/"},{"@type":"ListItem","position":2,"name":"Shop","item":"https:\/\/www.urbinavinos.com\/en\/shop\/"},{"@type":"ListItem","position":3,"name":"12 x URBINA RESERVA ESPECIAL 2006 BODEGA RIOJA"}]},{"@type":"WebSite","@id":"https:\/\/www.urbinavinos.com\/en\/#website","url":"https:\/\/www.urbinavinos.com\/en\/","name":"Bodegas Urbina","description":"Vinos con D.O.C. Rioja","publisher":{"@id":"https:\/\/www.urbinavinos.com\/en\/#organization"},"potentialAction":[{"@type":"SearchAction","target":{"@type":"EntryPoint","urlTemplate":"https:\/\/www.urbinavinos.com\/en\/?s={search_term_string}"},"query-input":{"@type":"PropertyValueSpecification","valueRequired":true,"valueName":"search_term_string"}}],"inLanguage":"en-US"},{"@type":"Organization","@id":"https:\/\/www.urbinavinos.com\/en\/#organization","name":"Bodegas Urbina","url":"https:\/\/www.urbinavinos.com\/en\/","logo":{"@type":"ImageObject","inLanguage":"en-US","@id":"https:\/\/www.urbinavinos.com\/en\/#\/schema\/logo\/image\/","url":"https:\/\/www.urbinavinos.com\/wp-content\/uploads\/2019\/12\/urbina.png","contentUrl":"https:\/\/www.urbinavinos.com\/wp-content\/uploads\/2019\/12\/urbina.png","width":492,"height":75,"caption":"Bodegas Urbina"},"image":{"@id":"https:\/\/www.urbinavinos.com\/en\/#\/schema\/logo\/image\/"},"sameAs":["https:\/\/www.facebook.com\/BODEGAS.URBINA","https:\/\/x.com\/BodegasURBINA","https:\/\/www.instagram.com\/urbinavinos\/","https:\/\/www.youtube.com\/channel\/UC9YCxkh6a9EMPHTfYCsHLlw"]}]}},"jetpack_sharing_enabled":true,"_links":{"self":[{"href":"https:\/\/www.urbinavinos.com\/en\/wp-json\/wp\/v2\/product\/1078","targetHints":{"allow":["GET"]}}],"collection":[{"href":"https:\/\/www.urbinavinos.com\/en\/wp-json\/wp\/v2\/product"}],"about":[{"href":"https:\/\/www.urbinavinos.com\/en\/wp-json\/wp\/v2\/types\/product"}],"replies":[{"embeddable":true,"href":"https:\/\/www.urbinavinos.com\/en\/wp-json\/wp\/v2\/comments?post=1078"}],"wp:featuredmedia":[{"embeddable":true,"href":"https:\/\/www.urbinavinos.com\/en\/wp-json\/wp\/v2\/media\/4677"}],"wp:attachment":[{"href":"https:\/\/www.urbinavinos.com\/en\/wp-json\/wp\/v2\/media?parent=1078"}],"wp:term":[{"taxonomy":"product_brand","embeddable":true,"href":"https:\/\/www.urbinavinos.com\/en\/wp-json\/wp\/v2\/product_brand?post=1078"},{"taxonomy":"product_cat","embeddable":true,"href":"https:\/\/www.urbinavinos.com\/en\/wp-json\/wp\/v2\/product_cat?post=1078"},{"taxonomy":"product_tag","embeddable":true,"href":"https:\/\/www.urbinavinos.com\/en\/wp-json\/wp\/v2\/product_tag?post=1078"}],"curies":[{"name":"wp","href":"https:\/\/api.w.org\/{rel}","templated":true}]}}