{"id":4538,"date":"2020-04-18T08:43:45","date_gmt":"2020-04-18T06:43:45","guid":{"rendered":"https:\/\/www.urbinavinos.com\/?post_type=product&#038;p=4538"},"modified":"2026-02-07T09:56:31","modified_gmt":"2026-02-07T08:56:31","slug":"1-x-urbina-crianza-bodega-rioja-copia","status":"publish","type":"product","link":"https:\/\/www.urbinavinos.com\/en\/comprarvinos\/1-x-urbina-crianza-bodega-rioja-copia\/","title":{"rendered":"1 x URBINA CRIANZA BODEGA RIOJA"},"content":{"rendered":"<p><strong><strong>Vino elaborado a partir de la selecci\u00f3n de uvas<\/strong> Tempranillo<\/strong>. Fermentado a 28\u00ba C y macerado durante 28 d\u00edas en dep\u00f3sito de acero inoxidable, el vino permanece en barrica de roble durante 12 meses, despu\u00e9s es embotellado y permanece un m\u00ednimo de 6 meses en botella antes de salir al mercado. Color cereza-rub\u00ed, equilibrado, matices de grosella negra en el paladar, buena estructura y persistencia. Este vino procede de vi\u00f1as que no alcanzan los 20 a\u00f1os de edad, pero todas procedentes de nuestros vi\u00f1edos que son de gran calidad.<\/p>\n","protected":false},"excerpt":{"rendered":"<p><strong>Vino elaborado a partir de la selecci\u00f3n de uvas Tempranillo<\/strong>. Fermentado a 28\u00ba C y macerado durante 28 d\u00edas en dep\u00f3sito de acero&#8230;<\/p>\n","protected":false},"featured_media":4893,"comment_status":"open","ping_status":"closed","template":"","meta":[],"product_brand":[],"product_cat":[128,222,127,126,141,47],"product_tag":[226,205,160,157,155,156,159,154],"class_list":{"0":"post-4538","1":"product","2":"type-product","3":"status-publish","4":"has-post-thumbnail","6":"product_cat-anadas-home","7":"product_cat-cajas-de-1-botella","8":"product_cat-cajas-y-estuches-home","9":"product_cat-carta-de-vinos-home","10":"product_cat-crianza-carta-de-vinos-home","11":"product_cat-todos-nuestros-vinos","12":"product_tag-226","13":"product_tag-crianza","14":"product_tag-doca","15":"product_tag-online","16":"product_tag-rioja","17":"product_tag-tienda","18":"product_tag-urbina","19":"product_tag-vino","21":"first","22":"instock","23":"shipping-taxable","24":"purchasable","25":"product-type-simple"},"yoast_head":"<!-- This site is optimized with the Yoast SEO plugin v26.9 - https:\/\/yoast.com\/product\/yoast-seo-wordpress\/ -->\n<title>1 x URBINA CRIANZA BODEGA RIOJA - Bodegas Urbina<\/title>\n<meta name=\"robots\" content=\"index, follow, max-snippet:-1, max-image-preview:large, max-video-preview:-1\" \/>\n<link rel=\"canonical\" href=\"https:\/\/www.urbinavinos.com\/en\/comprarvinos\/1-x-urbina-crianza-bodega-rioja-copia\/\" \/>\n<meta property=\"og:locale\" content=\"en_US\" \/>\n<meta property=\"og:type\" content=\"article\" \/>\n<meta property=\"og:title\" content=\"1 x URBINA CRIANZA BODEGA RIOJA - Bodegas Urbina\" \/>\n<meta property=\"og:description\" content=\"Vino elaborado a partir de la selecci\u00f3n de uvas Tempranillo. Fermentado a 28\u00ba C y macerado durante 28 d\u00edas en dep\u00f3sito de acero...\" \/>\n<meta property=\"og:url\" content=\"https:\/\/www.urbinavinos.com\/en\/comprarvinos\/1-x-urbina-crianza-bodega-rioja-copia\/\" \/>\n<meta property=\"og:site_name\" content=\"Bodegas Urbina\" \/>\n<meta property=\"article:publisher\" content=\"https:\/\/www.facebook.com\/BODEGAS.URBINA\" \/>\n<meta property=\"article:modified_time\" content=\"2026-02-07T08:56:31+00:00\" \/>\n<meta property=\"og:image\" content=\"https:\/\/www.urbinavinos.com\/wp-content\/uploads\/2020\/04\/x1-Botella-Urbina-Crianza-2012.jpg\" \/>\n\t<meta property=\"og:image:width\" content=\"1000\" \/>\n\t<meta property=\"og:image:height\" content=\"2000\" \/>\n\t<meta property=\"og:image:type\" content=\"image\/jpeg\" \/>\n<meta name=\"twitter:card\" content=\"summary_large_image\" \/>\n<meta name=\"twitter:site\" content=\"@BodegasURBINA\" \/>\n<script type=\"application\/ld+json\" class=\"yoast-schema-graph\">{\"@context\":\"https:\/\/schema.org\",\"@graph\":[{\"@type\":\"WebPage\",\"@id\":\"https:\/\/www.urbinavinos.com\/en\/comprarvinos\/1-x-urbina-crianza-bodega-rioja-copia\/\",\"url\":\"https:\/\/www.urbinavinos.com\/en\/comprarvinos\/1-x-urbina-crianza-bodega-rioja-copia\/\",\"name\":\"1 x URBINA CRIANZA BODEGA RIOJA - Bodegas Urbina\",\"isPartOf\":{\"@id\":\"https:\/\/www.urbinavinos.com\/en\/#website\"},\"primaryImageOfPage\":{\"@id\":\"https:\/\/www.urbinavinos.com\/en\/comprarvinos\/1-x-urbina-crianza-bodega-rioja-copia\/#primaryimage\"},\"image\":{\"@id\":\"https:\/\/www.urbinavinos.com\/en\/comprarvinos\/1-x-urbina-crianza-bodega-rioja-copia\/#primaryimage\"},\"thumbnailUrl\":\"https:\/\/www.urbinavinos.com\/wp-content\/uploads\/2020\/04\/x1-Botella-Urbina-Crianza-2012.jpg\",\"datePublished\":\"2020-04-18T06:43:45+00:00\",\"dateModified\":\"2026-02-07T08:56:31+00:00\",\"breadcrumb\":{\"@id\":\"https:\/\/www.urbinavinos.com\/en\/comprarvinos\/1-x-urbina-crianza-bodega-rioja-copia\/#breadcrumb\"},\"inLanguage\":\"en-US\",\"potentialAction\":[{\"@type\":\"ReadAction\",\"target\":[\"https:\/\/www.urbinavinos.com\/en\/comprarvinos\/1-x-urbina-crianza-bodega-rioja-copia\/\"]}]},{\"@type\":\"ImageObject\",\"inLanguage\":\"en-US\",\"@id\":\"https:\/\/www.urbinavinos.com\/en\/comprarvinos\/1-x-urbina-crianza-bodega-rioja-copia\/#primaryimage\",\"url\":\"https:\/\/www.urbinavinos.com\/wp-content\/uploads\/2020\/04\/x1-Botella-Urbina-Crianza-2012.jpg\",\"contentUrl\":\"https:\/\/www.urbinavinos.com\/wp-content\/uploads\/2020\/04\/x1-Botella-Urbina-Crianza-2012.jpg\",\"width\":1000,\"height\":2000,\"caption\":\"Created with GIMP\"},{\"@type\":\"BreadcrumbList\",\"@id\":\"https:\/\/www.urbinavinos.com\/en\/comprarvinos\/1-x-urbina-crianza-bodega-rioja-copia\/#breadcrumb\",\"itemListElement\":[{\"@type\":\"ListItem\",\"position\":1,\"name\":\"Portada\",\"item\":\"https:\/\/www.urbinavinos.com\/en\/\"},{\"@type\":\"ListItem\",\"position\":2,\"name\":\"Shop\",\"item\":\"https:\/\/www.urbinavinos.com\/en\/shop\/\"},{\"@type\":\"ListItem\",\"position\":3,\"name\":\"1 x URBINA CRIANZA BODEGA RIOJA\"}]},{\"@type\":\"WebSite\",\"@id\":\"https:\/\/www.urbinavinos.com\/en\/#website\",\"url\":\"https:\/\/www.urbinavinos.com\/en\/\",\"name\":\"Bodegas Urbina\",\"description\":\"Vinos con D.O.C. Rioja\",\"publisher\":{\"@id\":\"https:\/\/www.urbinavinos.com\/en\/#organization\"},\"potentialAction\":[{\"@type\":\"SearchAction\",\"target\":{\"@type\":\"EntryPoint\",\"urlTemplate\":\"https:\/\/www.urbinavinos.com\/en\/?s={search_term_string}\"},\"query-input\":{\"@type\":\"PropertyValueSpecification\",\"valueRequired\":true,\"valueName\":\"search_term_string\"}}],\"inLanguage\":\"en-US\"},{\"@type\":\"Organization\",\"@id\":\"https:\/\/www.urbinavinos.com\/en\/#organization\",\"name\":\"Bodegas Urbina\",\"url\":\"https:\/\/www.urbinavinos.com\/en\/\",\"logo\":{\"@type\":\"ImageObject\",\"inLanguage\":\"en-US\",\"@id\":\"https:\/\/www.urbinavinos.com\/en\/#\/schema\/logo\/image\/\",\"url\":\"https:\/\/www.urbinavinos.com\/wp-content\/uploads\/2019\/12\/urbina.png\",\"contentUrl\":\"https:\/\/www.urbinavinos.com\/wp-content\/uploads\/2019\/12\/urbina.png\",\"width\":492,\"height\":75,\"caption\":\"Bodegas Urbina\"},\"image\":{\"@id\":\"https:\/\/www.urbinavinos.com\/en\/#\/schema\/logo\/image\/\"},\"sameAs\":[\"https:\/\/www.facebook.com\/BODEGAS.URBINA\",\"https:\/\/x.com\/BodegasURBINA\",\"https:\/\/www.instagram.com\/urbinavinos\/\",\"https:\/\/www.youtube.com\/channel\/UC9YCxkh6a9EMPHTfYCsHLlw\"]}]}<\/script>\n<!-- \/ Yoast SEO plugin. -->","yoast_head_json":{"title":"1 x URBINA CRIANZA BODEGA RIOJA - Bodegas Urbina","robots":{"index":"index","follow":"follow","max-snippet":"max-snippet:-1","max-image-preview":"max-image-preview:large","max-video-preview":"max-video-preview:-1"},"canonical":"https:\/\/www.urbinavinos.com\/en\/comprarvinos\/1-x-urbina-crianza-bodega-rioja-copia\/","og_locale":"en_US","og_type":"article","og_title":"1 x URBINA CRIANZA BODEGA RIOJA - Bodegas Urbina","og_description":"Vino elaborado a partir de la selecci\u00f3n de uvas Tempranillo. Fermentado a 28\u00ba C y macerado durante 28 d\u00edas en dep\u00f3sito de acero...","og_url":"https:\/\/www.urbinavinos.com\/en\/comprarvinos\/1-x-urbina-crianza-bodega-rioja-copia\/","og_site_name":"Bodegas Urbina","article_publisher":"https:\/\/www.facebook.com\/BODEGAS.URBINA","article_modified_time":"2026-02-07T08:56:31+00:00","og_image":[{"width":1000,"height":2000,"url":"https:\/\/www.urbinavinos.com\/wp-content\/uploads\/2020\/04\/x1-Botella-Urbina-Crianza-2012.jpg","type":"image\/jpeg"}],"twitter_card":"summary_large_image","twitter_site":"@BodegasURBINA","schema":{"@context":"https:\/\/schema.org","@graph":[{"@type":"WebPage","@id":"https:\/\/www.urbinavinos.com\/en\/comprarvinos\/1-x-urbina-crianza-bodega-rioja-copia\/","url":"https:\/\/www.urbinavinos.com\/en\/comprarvinos\/1-x-urbina-crianza-bodega-rioja-copia\/","name":"1 x URBINA CRIANZA BODEGA RIOJA - Bodegas Urbina","isPartOf":{"@id":"https:\/\/www.urbinavinos.com\/en\/#website"},"primaryImageOfPage":{"@id":"https:\/\/www.urbinavinos.com\/en\/comprarvinos\/1-x-urbina-crianza-bodega-rioja-copia\/#primaryimage"},"image":{"@id":"https:\/\/www.urbinavinos.com\/en\/comprarvinos\/1-x-urbina-crianza-bodega-rioja-copia\/#primaryimage"},"thumbnailUrl":"https:\/\/www.urbinavinos.com\/wp-content\/uploads\/2020\/04\/x1-Botella-Urbina-Crianza-2012.jpg","datePublished":"2020-04-18T06:43:45+00:00","dateModified":"2026-02-07T08:56:31+00:00","breadcrumb":{"@id":"https:\/\/www.urbinavinos.com\/en\/comprarvinos\/1-x-urbina-crianza-bodega-rioja-copia\/#breadcrumb"},"inLanguage":"en-US","potentialAction":[{"@type":"ReadAction","target":["https:\/\/www.urbinavinos.com\/en\/comprarvinos\/1-x-urbina-crianza-bodega-rioja-copia\/"]}]},{"@type":"ImageObject","inLanguage":"en-US","@id":"https:\/\/www.urbinavinos.com\/en\/comprarvinos\/1-x-urbina-crianza-bodega-rioja-copia\/#primaryimage","url":"https:\/\/www.urbinavinos.com\/wp-content\/uploads\/2020\/04\/x1-Botella-Urbina-Crianza-2012.jpg","contentUrl":"https:\/\/www.urbinavinos.com\/wp-content\/uploads\/2020\/04\/x1-Botella-Urbina-Crianza-2012.jpg","width":1000,"height":2000,"caption":"Created with GIMP"},{"@type":"BreadcrumbList","@id":"https:\/\/www.urbinavinos.com\/en\/comprarvinos\/1-x-urbina-crianza-bodega-rioja-copia\/#breadcrumb","itemListElement":[{"@type":"ListItem","position":1,"name":"Portada","item":"https:\/\/www.urbinavinos.com\/en\/"},{"@type":"ListItem","position":2,"name":"Shop","item":"https:\/\/www.urbinavinos.com\/en\/shop\/"},{"@type":"ListItem","position":3,"name":"1 x URBINA CRIANZA BODEGA RIOJA"}]},{"@type":"WebSite","@id":"https:\/\/www.urbinavinos.com\/en\/#website","url":"https:\/\/www.urbinavinos.com\/en\/","name":"Bodegas Urbina","description":"Vinos con D.O.C. Rioja","publisher":{"@id":"https:\/\/www.urbinavinos.com\/en\/#organization"},"potentialAction":[{"@type":"SearchAction","target":{"@type":"EntryPoint","urlTemplate":"https:\/\/www.urbinavinos.com\/en\/?s={search_term_string}"},"query-input":{"@type":"PropertyValueSpecification","valueRequired":true,"valueName":"search_term_string"}}],"inLanguage":"en-US"},{"@type":"Organization","@id":"https:\/\/www.urbinavinos.com\/en\/#organization","name":"Bodegas Urbina","url":"https:\/\/www.urbinavinos.com\/en\/","logo":{"@type":"ImageObject","inLanguage":"en-US","@id":"https:\/\/www.urbinavinos.com\/en\/#\/schema\/logo\/image\/","url":"https:\/\/www.urbinavinos.com\/wp-content\/uploads\/2019\/12\/urbina.png","contentUrl":"https:\/\/www.urbinavinos.com\/wp-content\/uploads\/2019\/12\/urbina.png","width":492,"height":75,"caption":"Bodegas Urbina"},"image":{"@id":"https:\/\/www.urbinavinos.com\/en\/#\/schema\/logo\/image\/"},"sameAs":["https:\/\/www.facebook.com\/BODEGAS.URBINA","https:\/\/x.com\/BodegasURBINA","https:\/\/www.instagram.com\/urbinavinos\/","https:\/\/www.youtube.com\/channel\/UC9YCxkh6a9EMPHTfYCsHLlw"]}]}},"jetpack_sharing_enabled":true,"_links":{"self":[{"href":"https:\/\/www.urbinavinos.com\/en\/wp-json\/wp\/v2\/product\/4538","targetHints":{"allow":["GET"]}}],"collection":[{"href":"https:\/\/www.urbinavinos.com\/en\/wp-json\/wp\/v2\/product"}],"about":[{"href":"https:\/\/www.urbinavinos.com\/en\/wp-json\/wp\/v2\/types\/product"}],"replies":[{"embeddable":true,"href":"https:\/\/www.urbinavinos.com\/en\/wp-json\/wp\/v2\/comments?post=4538"}],"wp:featuredmedia":[{"embeddable":true,"href":"https:\/\/www.urbinavinos.com\/en\/wp-json\/wp\/v2\/media\/4893"}],"wp:attachment":[{"href":"https:\/\/www.urbinavinos.com\/en\/wp-json\/wp\/v2\/media?parent=4538"}],"wp:term":[{"taxonomy":"product_brand","embeddable":true,"href":"https:\/\/www.urbinavinos.com\/en\/wp-json\/wp\/v2\/product_brand?post=4538"},{"taxonomy":"product_cat","embeddable":true,"href":"https:\/\/www.urbinavinos.com\/en\/wp-json\/wp\/v2\/product_cat?post=4538"},{"taxonomy":"product_tag","embeddable":true,"href":"https:\/\/www.urbinavinos.com\/en\/wp-json\/wp\/v2\/product_tag?post=4538"}],"curies":[{"name":"wp","href":"https:\/\/api.w.org\/{rel}","templated":true}]}}