{"id":6431,"date":"2021-11-28T11:49:30","date_gmt":"2021-11-28T10:49:30","guid":{"rendered":"https:\/\/www.urbinavinos.com\/?post_type=product&#038;p=6431"},"modified":"2026-02-12T13:54:30","modified_gmt":"2026-02-12T12:54:30","slug":"bodega-y-cata-11h-a-14h","status":"publish","type":"product","link":"https:\/\/www.urbinavinos.com\/en\/comprarvinos\/bodega-y-cata-11h-a-14h\/","title":{"rendered":"Bodega y cata (11h a 14h) de Lunes a S\u00e1bado"},"content":{"rendered":"<h2>ENOTURISMO: VISITA GUIADA Y CATA COMENTADA POR EN\u00d3LOGO<\/h2>\n<p>Durante la visita y cata a la bodega se visitar\u00e1n las instalaciones, adem\u00e1s se sigue y explican el proceso de elaboraci\u00f3n que recorre la uva desde su recolecci\u00f3n hasta transformarse en Vino Blanco, Rosado y Tinto. Para continuar con el proceso de envejecimiento de los vinos tintos, hasta que finalmente alcanzan el nivel de Crianzas, Reservas, Grandes Reservas y vinos de Alta Expresi\u00f3n.<\/p>\n<ul>\n<li>Bodegas URBINA<\/li>\n<li>Visitas, Enoturismo, Catas Comentadas<\/li>\n<li>C\/ Campillo 33-35 \u202826214 CUZCURRITA DE R\u00cdO TIR\u00d3N \u2013 LA RIOJA<\/li>\n<li>TEL. 647 643 651 \u2028urbina@fer.es<\/li>\n<li><strong>HORARIOS:\u00a0<\/strong>VISITA A BODEGA Y CATA DE LUNES A S\u00c1BADO DE 11:00 A 13:00 H<\/li>\n<\/ul>\n<p>En la Cata se degustan y comentan todos los vinos de la Bodega, que se detallan a continuaci\u00f3n:<\/p>\n<p><strong>VINOS J\u00d3VENES<\/strong><\/p>\n<ul>\n<li>Urbina Blanco<\/li>\n<li>Urbina Blanco Crianza<\/li>\n<li>Urbina Rosado<\/li>\n<\/ul>\n<p><strong>VINOS MODERNOS<\/strong><\/p>\n<ul>\n<li>Salva Crianza<\/li>\n<li>Salva Reserva<\/li>\n<\/ul>\n<p><strong>VINOS CL\u00c1SICOS O TRADICIONALES<\/strong><\/p>\n<ul>\n<li>UrbinaTinto Crianza<\/li>\n<li>Urbina Tinto Reserva<\/li>\n<li>Urbina Tinto Gran Reserva<\/li>\n<\/ul>\n<p>La duraci\u00f3n de esta actividad es de aproximadamente de<strong>\u00a02 horas<\/strong>. Si el tiempo lo permite se puede visitar un vi\u00f1edo pr\u00f3ximo a la Bodega.<\/p>\n<p><strong>Horarios de visita:<\/strong>\u00a0Todos los d\u00edas incluido s\u00e1bados y domingos de 11:00 a 14:00<\/p>\n<p>Si la visita incluye el recorrido por el vi\u00f1edo, la acitvidad dura\u00a0<strong>2 horas 45 minutos<\/strong>\u00a0y el horario es de 10:15 a 14:00<\/p>\n","protected":false},"excerpt":{"rendered":"<p>ENOTURISMO: VISITA GUIADA Y CATA COMENTADA POR EN\u00d3LOGO Durante la visita y cata a la bodega se visitar\u00e1n las instalaciones, adem\u00e1s se sigue y explican el proceso de elaboraci\u00f3n que &#8230;<\/p>\n","protected":false},"featured_media":337,"comment_status":"open","ping_status":"closed","template":"","meta":[],"product_brand":[],"product_cat":[136],"product_tag":[],"class_list":{"0":"post-6431","1":"product","2":"type-product","3":"status-publish","4":"has-post-thumbnail","6":"product_cat-visitas-guiadas","8":"first","9":"instock","10":"featured","11":"virtual","12":"sold-individually","13":"purchasable","14":"product-type-booking"},"yoast_head":"<!-- This site is optimized with the Yoast SEO plugin v26.9 - https:\/\/yoast.com\/product\/yoast-seo-wordpress\/ -->\n<title>Bodega y cata (11h a 14h) de Lunes a S\u00e1bado - Bodegas Urbina<\/title>\n<meta name=\"robots\" content=\"index, follow, max-snippet:-1, max-image-preview:large, max-video-preview:-1\" \/>\n<link rel=\"canonical\" href=\"https:\/\/www.urbinavinos.com\/en\/comprarvinos\/bodega-y-cata-11h-a-14h\/\" \/>\n<meta property=\"og:locale\" content=\"en_US\" \/>\n<meta property=\"og:type\" content=\"article\" \/>\n<meta property=\"og:title\" content=\"Bodega y cata (11h a 14h) de Lunes a S\u00e1bado - Bodegas Urbina\" \/>\n<meta property=\"og:description\" content=\"ENOTURISMO: VISITA GUIADA Y CATA COMENTADA POR EN\u00d3LOGO Durante la visita y cata a la bodega se visitar\u00e1n las instalaciones, adem\u00e1s se sigue y explican el proceso de elaboraci\u00f3n que ...\" \/>\n<meta property=\"og:url\" content=\"https:\/\/www.urbinavinos.com\/en\/comprarvinos\/bodega-y-cata-11h-a-14h\/\" \/>\n<meta property=\"og:site_name\" content=\"Bodegas Urbina\" \/>\n<meta property=\"article:publisher\" content=\"https:\/\/www.facebook.com\/BODEGAS.URBINA\" \/>\n<meta property=\"article:modified_time\" content=\"2026-02-12T12:54:30+00:00\" \/>\n<meta property=\"og:image\" content=\"https:\/\/www.urbinavinos.com\/wp-content\/uploads\/2019\/10\/urbina-visita-guiada-y-cata-comentada-de-varios-vinos-enoturismo.jpg\" \/>\n\t<meta property=\"og:image:width\" content=\"600\" \/>\n\t<meta property=\"og:image:height\" content=\"600\" \/>\n\t<meta property=\"og:image:type\" content=\"image\/jpeg\" \/>\n<meta name=\"twitter:card\" content=\"summary_large_image\" \/>\n<meta name=\"twitter:site\" content=\"@BodegasURBINA\" \/>\n<meta name=\"twitter:label1\" content=\"Est. reading time\" \/>\n\t<meta name=\"twitter:data1\" content=\"2 minutes\" \/>\n<script type=\"application\/ld+json\" class=\"yoast-schema-graph\">{\"@context\":\"https:\/\/schema.org\",\"@graph\":[{\"@type\":\"WebPage\",\"@id\":\"https:\/\/www.urbinavinos.com\/en\/comprarvinos\/bodega-y-cata-11h-a-14h\/\",\"url\":\"https:\/\/www.urbinavinos.com\/en\/comprarvinos\/bodega-y-cata-11h-a-14h\/\",\"name\":\"Bodega y cata (11h a 14h) de Lunes a S\u00e1bado - Bodegas Urbina\",\"isPartOf\":{\"@id\":\"https:\/\/www.urbinavinos.com\/en\/#website\"},\"primaryImageOfPage\":{\"@id\":\"https:\/\/www.urbinavinos.com\/en\/comprarvinos\/bodega-y-cata-11h-a-14h\/#primaryimage\"},\"image\":{\"@id\":\"https:\/\/www.urbinavinos.com\/en\/comprarvinos\/bodega-y-cata-11h-a-14h\/#primaryimage\"},\"thumbnailUrl\":\"https:\/\/www.urbinavinos.com\/wp-content\/uploads\/2019\/10\/urbina-visita-guiada-y-cata-comentada-de-varios-vinos-enoturismo.jpg\",\"datePublished\":\"2021-11-28T10:49:30+00:00\",\"dateModified\":\"2026-02-12T12:54:30+00:00\",\"breadcrumb\":{\"@id\":\"https:\/\/www.urbinavinos.com\/en\/comprarvinos\/bodega-y-cata-11h-a-14h\/#breadcrumb\"},\"inLanguage\":\"en-US\",\"potentialAction\":[{\"@type\":\"ReadAction\",\"target\":[\"https:\/\/www.urbinavinos.com\/en\/comprarvinos\/bodega-y-cata-11h-a-14h\/\"]}]},{\"@type\":\"ImageObject\",\"inLanguage\":\"en-US\",\"@id\":\"https:\/\/www.urbinavinos.com\/en\/comprarvinos\/bodega-y-cata-11h-a-14h\/#primaryimage\",\"url\":\"https:\/\/www.urbinavinos.com\/wp-content\/uploads\/2019\/10\/urbina-visita-guiada-y-cata-comentada-de-varios-vinos-enoturismo.jpg\",\"contentUrl\":\"https:\/\/www.urbinavinos.com\/wp-content\/uploads\/2019\/10\/urbina-visita-guiada-y-cata-comentada-de-varios-vinos-enoturismo.jpg\",\"width\":600,\"height\":600,\"caption\":\"Visita guiada y cata comentada de varios vinos\"},{\"@type\":\"BreadcrumbList\",\"@id\":\"https:\/\/www.urbinavinos.com\/en\/comprarvinos\/bodega-y-cata-11h-a-14h\/#breadcrumb\",\"itemListElement\":[{\"@type\":\"ListItem\",\"position\":1,\"name\":\"Portada\",\"item\":\"https:\/\/www.urbinavinos.com\/en\/\"},{\"@type\":\"ListItem\",\"position\":2,\"name\":\"Shop\",\"item\":\"https:\/\/www.urbinavinos.com\/en\/shop\/\"},{\"@type\":\"ListItem\",\"position\":3,\"name\":\"Bodega y cata (11h a 14h) de Lunes a S\u00e1bado\"}]},{\"@type\":\"WebSite\",\"@id\":\"https:\/\/www.urbinavinos.com\/en\/#website\",\"url\":\"https:\/\/www.urbinavinos.com\/en\/\",\"name\":\"Bodegas Urbina\",\"description\":\"Vinos con D.O.C. Rioja\",\"publisher\":{\"@id\":\"https:\/\/www.urbinavinos.com\/en\/#organization\"},\"potentialAction\":[{\"@type\":\"SearchAction\",\"target\":{\"@type\":\"EntryPoint\",\"urlTemplate\":\"https:\/\/www.urbinavinos.com\/en\/?s={search_term_string}\"},\"query-input\":{\"@type\":\"PropertyValueSpecification\",\"valueRequired\":true,\"valueName\":\"search_term_string\"}}],\"inLanguage\":\"en-US\"},{\"@type\":\"Organization\",\"@id\":\"https:\/\/www.urbinavinos.com\/en\/#organization\",\"name\":\"Bodegas Urbina\",\"url\":\"https:\/\/www.urbinavinos.com\/en\/\",\"logo\":{\"@type\":\"ImageObject\",\"inLanguage\":\"en-US\",\"@id\":\"https:\/\/www.urbinavinos.com\/en\/#\/schema\/logo\/image\/\",\"url\":\"https:\/\/www.urbinavinos.com\/wp-content\/uploads\/2019\/12\/urbina.png\",\"contentUrl\":\"https:\/\/www.urbinavinos.com\/wp-content\/uploads\/2019\/12\/urbina.png\",\"width\":492,\"height\":75,\"caption\":\"Bodegas Urbina\"},\"image\":{\"@id\":\"https:\/\/www.urbinavinos.com\/en\/#\/schema\/logo\/image\/\"},\"sameAs\":[\"https:\/\/www.facebook.com\/BODEGAS.URBINA\",\"https:\/\/x.com\/BodegasURBINA\",\"https:\/\/www.instagram.com\/urbinavinos\/\",\"https:\/\/www.youtube.com\/channel\/UC9YCxkh6a9EMPHTfYCsHLlw\"]}]}<\/script>\n<!-- \/ Yoast SEO plugin. -->","yoast_head_json":{"title":"Bodega y cata (11h a 14h) de Lunes a S\u00e1bado - Bodegas Urbina","robots":{"index":"index","follow":"follow","max-snippet":"max-snippet:-1","max-image-preview":"max-image-preview:large","max-video-preview":"max-video-preview:-1"},"canonical":"https:\/\/www.urbinavinos.com\/en\/comprarvinos\/bodega-y-cata-11h-a-14h\/","og_locale":"en_US","og_type":"article","og_title":"Bodega y cata (11h a 14h) de Lunes a S\u00e1bado - Bodegas Urbina","og_description":"ENOTURISMO: VISITA GUIADA Y CATA COMENTADA POR EN\u00d3LOGO Durante la visita y cata a la bodega se visitar\u00e1n las instalaciones, adem\u00e1s se sigue y explican el proceso de elaboraci\u00f3n que ...","og_url":"https:\/\/www.urbinavinos.com\/en\/comprarvinos\/bodega-y-cata-11h-a-14h\/","og_site_name":"Bodegas Urbina","article_publisher":"https:\/\/www.facebook.com\/BODEGAS.URBINA","article_modified_time":"2026-02-12T12:54:30+00:00","og_image":[{"width":600,"height":600,"url":"https:\/\/www.urbinavinos.com\/wp-content\/uploads\/2019\/10\/urbina-visita-guiada-y-cata-comentada-de-varios-vinos-enoturismo.jpg","type":"image\/jpeg"}],"twitter_card":"summary_large_image","twitter_site":"@BodegasURBINA","twitter_misc":{"Est. reading time":"2 minutes"},"schema":{"@context":"https:\/\/schema.org","@graph":[{"@type":"WebPage","@id":"https:\/\/www.urbinavinos.com\/en\/comprarvinos\/bodega-y-cata-11h-a-14h\/","url":"https:\/\/www.urbinavinos.com\/en\/comprarvinos\/bodega-y-cata-11h-a-14h\/","name":"Bodega y cata (11h a 14h) de Lunes a S\u00e1bado - Bodegas Urbina","isPartOf":{"@id":"https:\/\/www.urbinavinos.com\/en\/#website"},"primaryImageOfPage":{"@id":"https:\/\/www.urbinavinos.com\/en\/comprarvinos\/bodega-y-cata-11h-a-14h\/#primaryimage"},"image":{"@id":"https:\/\/www.urbinavinos.com\/en\/comprarvinos\/bodega-y-cata-11h-a-14h\/#primaryimage"},"thumbnailUrl":"https:\/\/www.urbinavinos.com\/wp-content\/uploads\/2019\/10\/urbina-visita-guiada-y-cata-comentada-de-varios-vinos-enoturismo.jpg","datePublished":"2021-11-28T10:49:30+00:00","dateModified":"2026-02-12T12:54:30+00:00","breadcrumb":{"@id":"https:\/\/www.urbinavinos.com\/en\/comprarvinos\/bodega-y-cata-11h-a-14h\/#breadcrumb"},"inLanguage":"en-US","potentialAction":[{"@type":"ReadAction","target":["https:\/\/www.urbinavinos.com\/en\/comprarvinos\/bodega-y-cata-11h-a-14h\/"]}]},{"@type":"ImageObject","inLanguage":"en-US","@id":"https:\/\/www.urbinavinos.com\/en\/comprarvinos\/bodega-y-cata-11h-a-14h\/#primaryimage","url":"https:\/\/www.urbinavinos.com\/wp-content\/uploads\/2019\/10\/urbina-visita-guiada-y-cata-comentada-de-varios-vinos-enoturismo.jpg","contentUrl":"https:\/\/www.urbinavinos.com\/wp-content\/uploads\/2019\/10\/urbina-visita-guiada-y-cata-comentada-de-varios-vinos-enoturismo.jpg","width":600,"height":600,"caption":"Visita guiada y cata comentada de varios vinos"},{"@type":"BreadcrumbList","@id":"https:\/\/www.urbinavinos.com\/en\/comprarvinos\/bodega-y-cata-11h-a-14h\/#breadcrumb","itemListElement":[{"@type":"ListItem","position":1,"name":"Portada","item":"https:\/\/www.urbinavinos.com\/en\/"},{"@type":"ListItem","position":2,"name":"Shop","item":"https:\/\/www.urbinavinos.com\/en\/shop\/"},{"@type":"ListItem","position":3,"name":"Bodega y cata (11h a 14h) de Lunes a S\u00e1bado"}]},{"@type":"WebSite","@id":"https:\/\/www.urbinavinos.com\/en\/#website","url":"https:\/\/www.urbinavinos.com\/en\/","name":"Bodegas Urbina","description":"Vinos con D.O.C. Rioja","publisher":{"@id":"https:\/\/www.urbinavinos.com\/en\/#organization"},"potentialAction":[{"@type":"SearchAction","target":{"@type":"EntryPoint","urlTemplate":"https:\/\/www.urbinavinos.com\/en\/?s={search_term_string}"},"query-input":{"@type":"PropertyValueSpecification","valueRequired":true,"valueName":"search_term_string"}}],"inLanguage":"en-US"},{"@type":"Organization","@id":"https:\/\/www.urbinavinos.com\/en\/#organization","name":"Bodegas Urbina","url":"https:\/\/www.urbinavinos.com\/en\/","logo":{"@type":"ImageObject","inLanguage":"en-US","@id":"https:\/\/www.urbinavinos.com\/en\/#\/schema\/logo\/image\/","url":"https:\/\/www.urbinavinos.com\/wp-content\/uploads\/2019\/12\/urbina.png","contentUrl":"https:\/\/www.urbinavinos.com\/wp-content\/uploads\/2019\/12\/urbina.png","width":492,"height":75,"caption":"Bodegas Urbina"},"image":{"@id":"https:\/\/www.urbinavinos.com\/en\/#\/schema\/logo\/image\/"},"sameAs":["https:\/\/www.facebook.com\/BODEGAS.URBINA","https:\/\/x.com\/BodegasURBINA","https:\/\/www.instagram.com\/urbinavinos\/","https:\/\/www.youtube.com\/channel\/UC9YCxkh6a9EMPHTfYCsHLlw"]}]}},"jetpack_sharing_enabled":true,"_links":{"self":[{"href":"https:\/\/www.urbinavinos.com\/en\/wp-json\/wp\/v2\/product\/6431","targetHints":{"allow":["GET"]}}],"collection":[{"href":"https:\/\/www.urbinavinos.com\/en\/wp-json\/wp\/v2\/product"}],"about":[{"href":"https:\/\/www.urbinavinos.com\/en\/wp-json\/wp\/v2\/types\/product"}],"replies":[{"embeddable":true,"href":"https:\/\/www.urbinavinos.com\/en\/wp-json\/wp\/v2\/comments?post=6431"}],"wp:featuredmedia":[{"embeddable":true,"href":"https:\/\/www.urbinavinos.com\/en\/wp-json\/wp\/v2\/media\/337"}],"wp:attachment":[{"href":"https:\/\/www.urbinavinos.com\/en\/wp-json\/wp\/v2\/media?parent=6431"}],"wp:term":[{"taxonomy":"product_brand","embeddable":true,"href":"https:\/\/www.urbinavinos.com\/en\/wp-json\/wp\/v2\/product_brand?post=6431"},{"taxonomy":"product_cat","embeddable":true,"href":"https:\/\/www.urbinavinos.com\/en\/wp-json\/wp\/v2\/product_cat?post=6431"},{"taxonomy":"product_tag","embeddable":true,"href":"https:\/\/www.urbinavinos.com\/en\/wp-json\/wp\/v2\/product_tag?post=6431"}],"curies":[{"name":"wp","href":"https:\/\/api.w.org\/{rel}","templated":true}]}}